{"id":634,"date":"2026-05-12T20:02:16","date_gmt":"2026-05-12T17:02:16","guid":{"rendered":"https:\/\/www.basakyapiinsaat.com.tr\/?page_id=634"},"modified":"2026-05-12T20:17:03","modified_gmt":"2026-05-12T17:17:03","slug":"1-proje-tamamlandi","status":"publish","type":"page","link":"https:\/\/www.basakyapiinsaat.com.tr\/?page_id=634","title":{"rendered":"1.Proje &#8211; Tamamland\u0131 !"},"content":{"rendered":"\t\t<div data-elementor-type=\"wp-page\" data-elementor-id=\"634\" class=\"elementor elementor-634\">\n\t\t\t\t\t\t\t\t\t<section class=\"elementor-section elementor-top-section elementor-element elementor-element-e3b467b elementor-section-boxed elementor-section-height-default elementor-section-height-default\" data-id=\"e3b467b\" data-element_type=\"section\">\n\t\t\t\t\t\t<div class=\"elementor-container elementor-column-gap-default\">\n\t\t\t\t\t<div class=\"elementor-column elementor-col-100 elementor-top-column elementor-element elementor-element-d0bee96\" data-id=\"d0bee96\" data-element_type=\"column\">\n\t\t\t<div class=\"elementor-widget-wrap elementor-element-populated\">\n\t\t\t\t\t\t\t\t<div class=\"elementor-element elementor-element-9f7673f elementor-widget__width-initial elementor-widget elementor-widget-heading\" data-id=\"9f7673f\" data-element_type=\"widget\" data-widget_type=\"heading.default\">\n\t\t\t\t<div class=\"elementor-widget-container\">\n\t\t\t<style>\/*! elementor - v3.15.0 - 09-08-2023 *\/\n.elementor-heading-title{padding:0;margin:0;line-height:1}.elementor-widget-heading .elementor-heading-title[class*=elementor-size-]>a{color:inherit;font-size:inherit;line-height:inherit}.elementor-widget-heading .elementor-heading-title.elementor-size-small{font-size:15px}.elementor-widget-heading .elementor-heading-title.elementor-size-medium{font-size:19px}.elementor-widget-heading .elementor-heading-title.elementor-size-large{font-size:29px}.elementor-widget-heading .elementor-heading-title.elementor-size-xl{font-size:39px}.elementor-widget-heading .elementor-heading-title.elementor-size-xxl{font-size:59px}<\/style><h2 class=\"elementor-heading-title elementor-size-medium\">1.Projemiz tamamland\u0131, ya\u015fam ba\u015flad\u0131...<\/h2>\t\t<\/div>\n\t\t\t\t<\/div>\n\t\t\t\t\t<\/div>\n\t\t<\/div>\n\t\t\t\t\t\t\t<\/div>\n\t\t<\/section>\n\t\t\t\t<section class=\"elementor-section elementor-top-section elementor-element elementor-element-3ac3f9d elementor-section-boxed elementor-section-height-default elementor-section-height-default\" data-id=\"3ac3f9d\" data-element_type=\"section\">\n\t\t\t\t\t\t<div class=\"elementor-container elementor-column-gap-default\">\n\t\t\t\t\t<div class=\"elementor-column elementor-col-50 elementor-top-column elementor-element elementor-element-01160ac\" data-id=\"01160ac\" data-element_type=\"column\">\n\t\t\t<div class=\"elementor-widget-wrap elementor-element-populated\">\n\t\t\t\t\t\t\t\t<div class=\"elementor-element elementor-element-110a212 elementor-widget__width-initial elementor-widget elementor-widget-image\" data-id=\"110a212\" data-element_type=\"widget\" data-widget_type=\"image.default\">\n\t\t\t\t<div class=\"elementor-widget-container\">\n\t\t\t<style>\/*! elementor - v3.15.0 - 09-08-2023 *\/\n.elementor-widget-image{text-align:center}.elementor-widget-image a{display:inline-block}.elementor-widget-image a img[src$=\".svg\"]{width:48px}.elementor-widget-image img{vertical-align:middle;display:inline-block}<\/style>\t\t\t\t\t\t\t\t\t\t\t\t<img loading=\"lazy\" decoding=\"async\" width=\"615\" height=\"1024\" src=\"https:\/\/www.basakyapiinsaat.com.tr\/wp-content\/uploads\/2026\/05\/IMG_2503-615x1024.jpg\" class=\"attachment-large size-large wp-image-636\" alt=\"\" srcset=\"https:\/\/www.basakyapiinsaat.com.tr\/wp-content\/uploads\/2026\/05\/IMG_2503-615x1024.jpg 615w, https:\/\/www.basakyapiinsaat.com.tr\/wp-content\/uploads\/2026\/05\/IMG_2503-180x300.jpg 180w, https:\/\/www.basakyapiinsaat.com.tr\/wp-content\/uploads\/2026\/05\/IMG_2503-768x1279.jpg 768w, https:\/\/www.basakyapiinsaat.com.tr\/wp-content\/uploads\/2026\/05\/IMG_2503-922x1536.jpg 922w, https:\/\/www.basakyapiinsaat.com.tr\/wp-content\/uploads\/2026\/05\/IMG_2503-1229x2048.jpg 1229w, https:\/\/www.basakyapiinsaat.com.tr\/wp-content\/uploads\/2026\/05\/IMG_2503-648x1080.jpg 648w, https:\/\/www.basakyapiinsaat.com.tr\/wp-content\/uploads\/2026\/05\/IMG_2503.jpg 1320w\" sizes=\"(max-width: 615px) 100vw, 615px\" \/>\t\t\t\t\t\t\t\t\t\t\t\t\t\t\t<\/div>\n\t\t\t\t<\/div>\n\t\t\t\t\t<\/div>\n\t\t<\/div>\n\t\t\t\t<div class=\"elementor-column elementor-col-50 elementor-top-column elementor-element elementor-element-43febd6\" data-id=\"43febd6\" data-element_type=\"column\">\n\t\t\t<div class=\"elementor-widget-wrap elementor-element-populated\">\n\t\t\t\t\t\t\t\t<div class=\"elementor-element elementor-element-30bb696 elementor-widget elementor-widget-image\" data-id=\"30bb696\" data-element_type=\"widget\" data-widget_type=\"image.default\">\n\t\t\t\t<div class=\"elementor-widget-container\">\n\t\t\t\t\t\t\t\t\t\t\t\t\t\t\t<img loading=\"lazy\" decoding=\"async\" width=\"614\" height=\"1024\" src=\"https:\/\/www.basakyapiinsaat.com.tr\/wp-content\/uploads\/2026\/05\/IMG_2504-614x1024.jpg\" class=\"attachment-large size-large wp-image-637\" alt=\"\" srcset=\"https:\/\/www.basakyapiinsaat.com.tr\/wp-content\/uploads\/2026\/05\/IMG_2504-614x1024.jpg 614w, https:\/\/www.basakyapiinsaat.com.tr\/wp-content\/uploads\/2026\/05\/IMG_2504-180x300.jpg 180w, https:\/\/www.basakyapiinsaat.com.tr\/wp-content\/uploads\/2026\/05\/IMG_2504-768x1282.jpg 768w, https:\/\/www.basakyapiinsaat.com.tr\/wp-content\/uploads\/2026\/05\/IMG_2504-920x1536.jpg 920w, https:\/\/www.basakyapiinsaat.com.tr\/wp-content\/uploads\/2026\/05\/IMG_2504-1227x2048.jpg 1227w, https:\/\/www.basakyapiinsaat.com.tr\/wp-content\/uploads\/2026\/05\/IMG_2504-647x1080.jpg 647w, https:\/\/www.basakyapiinsaat.com.tr\/wp-content\/uploads\/2026\/05\/IMG_2504.jpg 1320w\" sizes=\"(max-width: 614px) 100vw, 614px\" \/>\t\t\t\t\t\t\t\t\t\t\t\t\t\t\t<\/div>\n\t\t\t\t<\/div>\n\t\t\t\t\t<\/div>\n\t\t<\/div>\n\t\t\t\t\t\t\t<\/div>\n\t\t<\/section>\n\t\t\t\t<section class=\"elementor-section elementor-top-section elementor-element elementor-element-df43e4b elementor-section-boxed elementor-section-height-default elementor-section-height-default\" data-id=\"df43e4b\" data-element_type=\"section\">\n\t\t\t\t\t\t<div class=\"elementor-container elementor-column-gap-default\">\n\t\t\t\t\t<div class=\"elementor-column elementor-col-50 elementor-top-column elementor-element elementor-element-fc22b14\" data-id=\"fc22b14\" data-element_type=\"column\">\n\t\t\t<div class=\"elementor-widget-wrap elementor-element-populated\">\n\t\t\t\t\t\t\t\t<div class=\"elementor-element elementor-element-aac08bc elementor-widget__width-initial elementor-widget elementor-widget-image\" data-id=\"aac08bc\" data-element_type=\"widget\" data-widget_type=\"image.default\">\n\t\t\t\t<div class=\"elementor-widget-container\">\n\t\t\t\t\t\t\t\t\t\t\t\t\t\t\t<img loading=\"lazy\" decoding=\"async\" width=\"611\" height=\"1024\" src=\"https:\/\/www.basakyapiinsaat.com.tr\/wp-content\/uploads\/2026\/05\/IMG_2505-611x1024.jpg\" class=\"attachment-large size-large wp-image-638\" alt=\"\" srcset=\"https:\/\/www.basakyapiinsaat.com.tr\/wp-content\/uploads\/2026\/05\/IMG_2505-611x1024.jpg 611w, https:\/\/www.basakyapiinsaat.com.tr\/wp-content\/uploads\/2026\/05\/IMG_2505-179x300.jpg 179w, https:\/\/www.basakyapiinsaat.com.tr\/wp-content\/uploads\/2026\/05\/IMG_2505-768x1288.jpg 768w, https:\/\/www.basakyapiinsaat.com.tr\/wp-content\/uploads\/2026\/05\/IMG_2505-916x1536.jpg 916w, https:\/\/www.basakyapiinsaat.com.tr\/wp-content\/uploads\/2026\/05\/IMG_2505-1222x2048.jpg 1222w, https:\/\/www.basakyapiinsaat.com.tr\/wp-content\/uploads\/2026\/05\/IMG_2505-644x1080.jpg 644w, https:\/\/www.basakyapiinsaat.com.tr\/wp-content\/uploads\/2026\/05\/IMG_2505.jpg 1320w\" sizes=\"(max-width: 611px) 100vw, 611px\" \/>\t\t\t\t\t\t\t\t\t\t\t\t\t\t\t<\/div>\n\t\t\t\t<\/div>\n\t\t\t\t\t<\/div>\n\t\t<\/div>\n\t\t\t\t<div class=\"elementor-column elementor-col-50 elementor-top-column elementor-element elementor-element-e48594a\" data-id=\"e48594a\" data-element_type=\"column\">\n\t\t\t<div class=\"elementor-widget-wrap elementor-element-populated\">\n\t\t\t\t\t\t\t\t<div class=\"elementor-element elementor-element-4a8ae88 elementor-widget__width-initial elementor-widget elementor-widget-image\" data-id=\"4a8ae88\" data-element_type=\"widget\" data-widget_type=\"image.default\">\n\t\t\t\t<div class=\"elementor-widget-container\">\n\t\t\t\t\t\t\t\t\t\t\t\t\t\t\t<img loading=\"lazy\" decoding=\"async\" width=\"608\" height=\"1024\" src=\"https:\/\/www.basakyapiinsaat.com.tr\/wp-content\/uploads\/2026\/05\/IMG_2506-608x1024.jpg\" class=\"attachment-large size-large wp-image-639\" alt=\"\" srcset=\"https:\/\/www.basakyapiinsaat.com.tr\/wp-content\/uploads\/2026\/05\/IMG_2506-608x1024.jpg 608w, https:\/\/www.basakyapiinsaat.com.tr\/wp-content\/uploads\/2026\/05\/IMG_2506-178x300.jpg 178w, https:\/\/www.basakyapiinsaat.com.tr\/wp-content\/uploads\/2026\/05\/IMG_2506-768x1294.jpg 768w, https:\/\/www.basakyapiinsaat.com.tr\/wp-content\/uploads\/2026\/05\/IMG_2506-912x1536.jpg 912w, https:\/\/www.basakyapiinsaat.com.tr\/wp-content\/uploads\/2026\/05\/IMG_2506-1216x2048.jpg 1216w, https:\/\/www.basakyapiinsaat.com.tr\/wp-content\/uploads\/2026\/05\/IMG_2506-641x1080.jpg 641w, https:\/\/www.basakyapiinsaat.com.tr\/wp-content\/uploads\/2026\/05\/IMG_2506.jpg 1320w\" sizes=\"(max-width: 608px) 100vw, 608px\" \/>\t\t\t\t\t\t\t\t\t\t\t\t\t\t\t<\/div>\n\t\t\t\t<\/div>\n\t\t\t\t\t<\/div>\n\t\t<\/div>\n\t\t\t\t\t\t\t<\/div>\n\t\t<\/section>\n\t\t\t\t<section class=\"elementor-section elementor-top-section elementor-element elementor-element-0ac481a elementor-section-boxed elementor-section-height-default elementor-section-height-default\" data-id=\"0ac481a\" data-element_type=\"section\">\n\t\t\t\t\t\t<div class=\"elementor-container elementor-column-gap-default\">\n\t\t\t\t\t<div class=\"elementor-column elementor-col-100 elementor-top-column elementor-element elementor-element-6d2dadc\" data-id=\"6d2dadc\" data-element_type=\"column\">\n\t\t\t<div class=\"elementor-widget-wrap\">\n\t\t\t\t\t\t\t\t\t<\/div>\n\t\t<\/div>\n\t\t\t\t\t\t\t<\/div>\n\t\t<\/section>\n\t\t\t\t\t\t\t<\/div>\n\t\t","protected":false},"excerpt":{"rendered":"<p>1.Projemiz tamamland\u0131, ya\u015fam ba\u015flad\u0131&#8230;<\/p>\n","protected":false},"author":1,"featured_media":0,"parent":0,"menu_order":0,"comment_status":"closed","ping_status":"closed","template":"","meta":{"saved_in_kubio":false,"footnotes":""},"class_list":["post-634","page","type-page","status-publish","hentry"],"kubio_ai_page_context":{"short_desc":"","purpose":"general"},"_links":{"self":[{"href":"https:\/\/www.basakyapiinsaat.com.tr\/index.php?rest_route=\/wp\/v2\/pages\/634","targetHints":{"allow":["GET"]}}],"collection":[{"href":"https:\/\/www.basakyapiinsaat.com.tr\/index.php?rest_route=\/wp\/v2\/pages"}],"about":[{"href":"https:\/\/www.basakyapiinsaat.com.tr\/index.php?rest_route=\/wp\/v2\/types\/page"}],"author":[{"embeddable":true,"href":"https:\/\/www.basakyapiinsaat.com.tr\/index.php?rest_route=\/wp\/v2\/users\/1"}],"replies":[{"embeddable":true,"href":"https:\/\/www.basakyapiinsaat.com.tr\/index.php?rest_route=%2Fwp%2Fv2%2Fcomments&post=634"}],"version-history":[{"count":7,"href":"https:\/\/www.basakyapiinsaat.com.tr\/index.php?rest_route=\/wp\/v2\/pages\/634\/revisions"}],"predecessor-version":[{"id":663,"href":"https:\/\/www.basakyapiinsaat.com.tr\/index.php?rest_route=\/wp\/v2\/pages\/634\/revisions\/663"}],"wp:attachment":[{"href":"https:\/\/www.basakyapiinsaat.com.tr\/index.php?rest_route=%2Fwp%2Fv2%2Fmedia&parent=634"}],"curies":[{"name":"wp","href":"https:\/\/api.w.org\/{rel}","templated":true}]}}